{"id":21,"date":"2016-07-20T12:01:40","date_gmt":"2016-07-20T10:01:40","guid":{"rendered":"http:\/\/www.gh12.nl\/?page_id=21"},"modified":"2017-01-31T09:50:55","modified_gmt":"2017-01-31T08:50:55","slug":"reviews","status":"publish","type":"page","link":"https:\/\/www.gh12.nl\/nl_NL\/reviews\/","title":{"rendered":"Reviews"},"content":{"rendered":"<blockquote><p>Wohnen in der Natur, von V\u00f6gel aus Burgh-Haamstede<\/p><\/blockquote>\n<p>Das Haus ist gut eingerichtet. Der Garten bzw. die Au\u00dfenanlage ist wie das Haus zum Wohlf\u00fchlen. Die Siedlung ist wunderbar begr\u00fcnt. Man empfindet sich in keiner Weise als Teil einer Touristenmenge, sondern als individueller Gast in einer sch\u00f6nen Umgebung.<br \/>\nDer Ort Burgh-Haamstede ist ebenfalls eine Gr\u00fcn-Oase. Die Bepflanzung (z.B. mit Birnb\u00e4umen) ist vorbildlich.<\/p>\n<p>Empfohlen f\u00fcr: Abenteuer &amp; Erlebnis, Familien mit Kindern, Urlaub mit Haustier, Urlaub ohne Auto, Strandurlaub<\/p>\n<p>Umgebung des Domizils: Wie bereits in der Bewertung beschrieben: Vorbildlich! Ein gr\u00fcnes Schmuckk\u00e4stchen!<br \/>\nDas Gebiet ist neben der Attraktivit\u00e4t f\u00fcr Strandurlauber oder Fahrradtouristen ein Top-Standort f\u00fcr Naturliebhaber und insbesondere Vogelbeobachter. In Wohnungsn\u00e4he befinden sich zahlreiche Naturschutzgebiete mit seltenen Tier-und Pflanzenarten. Informationstafeln weisen auf die Besonderheiten der Gebiete hin. Burgh-Haamstede liegt zentral als Ausgangspunkt vieler Naturschutzgebiete, die in ihrer Vielfalt als Kleinod der Region bezeichnet werden k\u00f6nnen.<\/p>\n<p>Freizeitm\u00f6glichkeiten: Gut<br \/>\nEinkaufsm\u00f6glichken: Gut<\/p>\n","protected":false},"excerpt":{"rendered":"<p>Wohnen in der Natur, von V\u00f6gel aus Burgh-Haamstede Das Haus ist gut eingerichtet. Der Garten bzw. die Au\u00dfenanlage ist wie das Haus zum Wohlf\u00fchlen. Die Siedlung ist wunderbar begr\u00fcnt. Man empfindet sich in keiner Weise als Teil einer Touristenmenge, sondern als individueller Gast in einer sch\u00f6nen Umgebung. Der Ort Burgh-Haamstede ist ebenfalls eine Gr\u00fcn-Oase. Die &#8230; <a title=\"Reviews\" class=\"read-more\" href=\"https:\/\/www.gh12.nl\/nl_NL\/reviews\/\" aria-label=\"Meer op Reviews\">Lees meer<\/a><\/p>\n","protected":false},"author":1,"featured_media":0,"parent":0,"menu_order":0,"comment_status":"closed","ping_status":"closed","template":"","meta":[],"_links":{"self":[{"href":"https:\/\/www.gh12.nl\/nl_NL\/wp-json\/wp\/v2\/pages\/21"}],"collection":[{"href":"https:\/\/www.gh12.nl\/nl_NL\/wp-json\/wp\/v2\/pages"}],"about":[{"href":"https:\/\/www.gh12.nl\/nl_NL\/wp-json\/wp\/v2\/types\/page"}],"author":[{"embeddable":true,"href":"https:\/\/www.gh12.nl\/nl_NL\/wp-json\/wp\/v2\/users\/1"}],"replies":[{"embeddable":true,"href":"https:\/\/www.gh12.nl\/nl_NL\/wp-json\/wp\/v2\/comments?post=21"}],"version-history":[{"count":2,"href":"https:\/\/www.gh12.nl\/nl_NL\/wp-json\/wp\/v2\/pages\/21\/revisions"}],"predecessor-version":[{"id":80,"href":"https:\/\/www.gh12.nl\/nl_NL\/wp-json\/wp\/v2\/pages\/21\/revisions\/80"}],"wp:attachment":[{"href":"https:\/\/www.gh12.nl\/nl_NL\/wp-json\/wp\/v2\/media?parent=21"}],"curies":[{"name":"wp","href":"https:\/\/api.w.org\/{rel}","templated":true}]}}